{"id":16048,"date":"2021-12-02T13:32:05","date_gmt":"2021-12-02T13:32:05","guid":{"rendered":"http:\/\/chateau-de-montfort.com\/?page_id=16048"},"modified":"2021-12-02T14:09:42","modified_gmt":"2021-12-02T14:09:42","slug":"evidens-de-beaute-en","status":"publish","type":"page","link":"https:\/\/chateau-de-montfort.com\/en\/evidens-de-beaute-en\/","title":{"rendered":"Evidens de beaut\u00e9"},"content":{"rendered":"\t\t<div data-elementor-type=\"wp-page\" data-elementor-id=\"16048\" class=\"elementor elementor-16048\">\n\t\t\t\t\t\t<section class=\"elementor-section elementor-top-section elementor-element elementor-element-7d83a86c elementor-section-boxed elementor-section-height-default elementor-section-height-default parallax_section_no qode_elementor_container_no\" data-id=\"7d83a86c\" data-element_type=\"section\">\n\t\t\t\t\t\t<div class=\"elementor-container elementor-column-gap-default\">\n\t\t\t\t\t<div class=\"elementor-column elementor-col-100 elementor-top-column elementor-element elementor-element-19d96b29\" data-id=\"19d96b29\" data-element_type=\"column\">\n\t\t\t<div class=\"elementor-widget-wrap elementor-element-populated\">\n\t\t\t\t\t\t<div class=\"elementor-element elementor-element-b1fbf9b elementor-widget elementor-widget-text-editor\" data-id=\"b1fbf9b\" data-element_type=\"widget\" data-widget_type=\"text-editor.default\">\n\t\t\t\t<div class=\"elementor-widget-container\">\n\t\t\t\t\t\t\t\t\t<h1 style=\"font-family: cochin' !important; font-size: 50px; letter-spacing: 0px;\">EVIDENS DE BEAUT\u00c9<\/h1><h3><span class=\"VIiyi\" lang=\"en\"><span class=\"JLqJ4b ChMk0b\" data-language-for-alternatives=\"en\" data-language-to-translate-into=\"fr\" data-phrase-index=\"0\" data-number-of-phrases=\"1\">a brand nourished<\/span><\/span> by a history filled location<\/h3>\t\t\t\t\t\t\t\t<\/div>\n\t\t\t\t<\/div>\n\t\t\t\t\t<\/div>\n\t\t<\/div>\n\t\t\t\t\t<\/div>\n\t\t<\/section>\n\t\t\t\t<section class=\"elementor-section elementor-top-section elementor-element elementor-element-2b3e2258 elementor-section-stretched elementor-section-boxed elementor-section-height-default elementor-section-height-default parallax_section_no qode_elementor_container_no\" data-id=\"2b3e2258\" data-element_type=\"section\" data-settings=\"{&quot;stretch_section&quot;:&quot;section-stretched&quot;}\">\n\t\t\t\t\t\t<div class=\"elementor-container elementor-column-gap-wider\">\n\t\t\t\t\t<div class=\"elementor-column elementor-col-100 elementor-top-column elementor-element elementor-element-4a7ca4f8\" data-id=\"4a7ca4f8\" data-element_type=\"column\">\n\t\t\t<div class=\"elementor-widget-wrap elementor-element-populated\">\n\t\t\t\t\t\t<div class=\"elementor-element elementor-element-5be68365 elementor-arrows-position-inside elementor-pagination-position-outside elementor-widget elementor-widget-image-carousel\" data-id=\"5be68365\" data-element_type=\"widget\" data-settings=\"{&quot;slides_to_show&quot;:&quot;1&quot;,&quot;autoplay_speed&quot;:3000,&quot;navigation&quot;:&quot;both&quot;,&quot;autoplay&quot;:&quot;yes&quot;,&quot;pause_on_hover&quot;:&quot;yes&quot;,&quot;pause_on_interaction&quot;:&quot;yes&quot;,&quot;infinite&quot;:&quot;yes&quot;,&quot;effect&quot;:&quot;slide&quot;,&quot;speed&quot;:500}\" data-widget_type=\"image-carousel.default\">\n\t\t\t\t<div class=\"elementor-widget-container\">\n\t\t\t\t\t\t\t<div class=\"elementor-image-carousel-wrapper swiper\" role=\"region\" aria-roledescription=\"carousel\" aria-label=\"Image Carousel\" dir=\"ltr\">\n\t\t\t<div class=\"elementor-image-carousel swiper-wrapper\" aria-live=\"off\">\n\t\t\t\t\t\t\t\t<div class=\"swiper-slide\" role=\"group\" aria-roledescription=\"slide\" aria-label=\"1 of 2\"><figure class=\"swiper-slide-inner\"><img decoding=\"async\" class=\"swiper-slide-image\" src=\"https:\/\/chateau-de-montfort.com\/wp-content\/uploads\/2021\/11\/evidens-02.jpg\" alt=\"evidens-02\" \/><\/figure><\/div><div class=\"swiper-slide\" role=\"group\" aria-roledescription=\"slide\" aria-label=\"2 of 2\"><figure class=\"swiper-slide-inner\"><img decoding=\"async\" class=\"swiper-slide-image\" src=\"https:\/\/chateau-de-montfort.com\/wp-content\/uploads\/2021\/11\/evidens-01.jpg\" alt=\"evidens-01\" \/><\/figure><\/div>\t\t\t<\/div>\n\t\t\t\t\t\t\t\t\t\t\t\t<div class=\"elementor-swiper-button elementor-swiper-button-prev\" role=\"button\" tabindex=\"0\">\n\t\t\t\t\t\t<i aria-hidden=\"true\" class=\"eicon-chevron-left\"><\/i>\t\t\t\t\t<\/div>\n\t\t\t\t\t<div class=\"elementor-swiper-button elementor-swiper-button-next\" role=\"button\" tabindex=\"0\">\n\t\t\t\t\t\t<i aria-hidden=\"true\" class=\"eicon-chevron-right\"><\/i>\t\t\t\t\t<\/div>\n\t\t\t\t\n\t\t\t\t\t\t\t\t\t<div class=\"swiper-pagination\"><\/div>\n\t\t\t\t\t\t\t\t\t<\/div>\n\t\t\t\t\t\t<\/div>\n\t\t\t\t<\/div>\n\t\t\t\t<div class=\"elementor-element elementor-element-221bfae0 elementor-widget elementor-widget-text-editor\" data-id=\"221bfae0\" data-element_type=\"widget\" data-widget_type=\"text-editor.default\">\n\t\t\t\t<div class=\"elementor-widget-container\">\n\t\t\t\t\t\t\t\t\t<h2 style=\"text-align: left;\">EvIDenS DE BEAUT\u00c9 &amp; tHE CH\u00c2TEAU DE MONTFORT<\/h2><p>All EviDenS de Beaut\u00e9 skincare rituals are created in the exceptional 16th century Renaissance castle. This French-Japanese luxury cosmetics brand was founded by the owner of the estate, Charles Edouard Barthes. <br \/><br \/>The treatments are inspired by Japanese beauty ceremonies, as well as influenced by this magnificent domain, which is steeped in more than 500 years of history and perfectly reflects the brand\u2019s French refinement.<\/p><p>\u00a0<\/p>\t\t\t\t\t\t\t\t<\/div>\n\t\t\t\t<\/div>\n\t\t\t\t<div class=\"elementor-element elementor-element-6bf3b8ad elementor-widget elementor-widget-text-editor\" data-id=\"6bf3b8ad\" data-element_type=\"widget\" data-widget_type=\"text-editor.default\">\n\t\t\t\t<div class=\"elementor-widget-container\">\n\t\t\t\t\t\t\t\t\t<h2 style=\"text-align: left;\">CHARLES-EDOUARD BARTHES &amp; SAINT PAUL DE VENCE<\/h2><p>Charles Edouard Barthes, who has a very special bond with this region, fell in love with the Ch\u00e2teau de Montfort on his first visit. Born in Saint-Paul-de-Vence, he grew up near the castle and its grounds.<\/p><p>\u00a0<\/p><p>It was this bond that he wished to transmit through EviDenS de Beaut\u00e9:<\/p><p>\u00a0<\/p>\t\t\t\t\t\t\t\t<\/div>\n\t\t\t\t<\/div>\n\t\t\t\t<div class=\"elementor-element elementor-element-2a465765 elementor-align-start elementor-icon-list--layout-traditional elementor-list-item-link-full_width elementor-invisible elementor-widget elementor-widget-icon-list\" data-id=\"2a465765\" data-element_type=\"widget\" data-settings=\"{&quot;_animation&quot;:&quot;fadeInUp&quot;}\" data-widget_type=\"icon-list.default\">\n\t\t\t\t<div class=\"elementor-widget-container\">\n\t\t\t\t\t\t\t<ul class=\"elementor-icon-list-items\">\n\t\t\t\t\t\t\t<li class=\"elementor-icon-list-item\">\n\t\t\t\t\t\t\t\t\t\t\t<span class=\"elementor-icon-list-icon\">\n\t\t\t\t\t\t\t<i aria-hidden=\"true\" class=\"fas fa-tint\"><\/i>\t\t\t\t\t\t<\/span>\n\t\t\t\t\t\t\t\t\t\t<span class=\"elementor-icon-list-text\">La Foux spring water, the iconic ingredient used in all formulas, flows through Vence and comes directly from the Alps, which surround this exceptional landscape.<\/span>\n\t\t\t\t\t\t\t\t\t<\/li>\n\t\t\t\t\t\t\t\t<li class=\"elementor-icon-list-item\">\n\t\t\t\t\t\t\t\t\t\t\t<span class=\"elementor-icon-list-icon\">\n\t\t\t\t\t\t\t<svg xmlns=\"http:\/\/www.w3.org\/2000\/svg\" xmlns:xlink=\"http:\/\/www.w3.org\/1999\/xlink\" id=\"Layer_1\" x=\"0px\" y=\"0px\" viewBox=\"0 0 512 512\" style=\"enable-background:new 0 0 512 512;\" xml:space=\"preserve\"><g>\t<g>\t\t<path d=\"M294.957,0h-77.913c-9.217,0-16.696,7.473-16.696,16.696v83.478h111.304V16.696C311.652,7.473,304.174,0,294.957,0z\"><\/path>\t<\/g><\/g><g>\t<g>\t\t<path d=\"M348.054,189.293c-1.02,0-2,0.136-3.011,0.165v-39.197c0-9.223-7.479-16.696-16.696-16.696H183.652    c-9.217,0-16.696,7.473-16.696,16.696v39.198c-1.011-0.029-1.992-0.165-3.011-0.165c-60.978,0-108.75,51.179-108.75,116.517    C55.196,407.967,153.85,512,213.054,512h85.891c59.304,0,157.858-104.161,157.858-206.19    C456.804,240.473,409.032,189.293,348.054,189.293z M422.736,317.361c-51.384,21.619-108.929,20.444-159.443-4.035    c-55.19-26.756-117.61-30.02-174.608-9.839c1.053-46.217,33.016-80.802,75.26-80.802c21.043,0,39.239,9.055,54.087,26.908    c9.347,11.245,23.196,17.695,37.967,17.695c14.771,0,28.62-6.451,37.967-17.695c14.848-17.853,33.044-26.908,54.087-26.908    c42.957,0,75.359,35.733,75.359,83.125C423.413,309.704,423.036,313.524,422.736,317.361z\"><\/path>\t<\/g><\/g><g><\/g><g><\/g><g><\/g><g><\/g><g><\/g><g><\/g><g><\/g><g><\/g><g><\/g><g><\/g><g><\/g><g><\/g><g><\/g><g><\/g><g><\/g><\/svg>\t\t\t\t\t\t<\/span>\n\t\t\t\t\t\t\t\t\t\t<span class=\"elementor-icon-list-text\">The fragrances that give the products their delicate scent are created in Grasse, the capital of French perfumery. Leaving a subtle Mediterranean touch on the skin, the olfactory signature evokes a delicate bouquet of rose, jasmine and tuberose.  <\/span>\n\t\t\t\t\t\t\t\t\t<\/li>\n\t\t\t\t\t\t\t\t<li class=\"elementor-icon-list-item\">\n\t\t\t\t\t\t\t\t\t\t\t<span class=\"elementor-icon-list-icon\">\n\t\t\t\t\t\t\t<svg xmlns=\"http:\/\/www.w3.org\/2000\/svg\" xmlns:xlink=\"http:\/\/www.w3.org\/1999\/xlink\" id=\"Layer_1\" x=\"0px\" y=\"0px\" viewBox=\"0 0 470 470\" style=\"enable-background:new 0 0 470 470;\" xml:space=\"preserve\"><g>\t<path d=\"M294.532,280H175.468c-3.67,13.721-7.701,27.085-12.097,40h143.258C302.234,307.085,298.202,293.721,294.532,280z\"><\/path>\t<path d=\"M287.196,250c-13.148-59.094-20.064-123.115-21.056-185h19.863V35H250V0h-30v35h-36.003v30h19.863   c-0.992,61.885-7.908,125.906-21.056,185H287.196z\"><\/path>\t<path d=\"M317.848,350H152.152C135.564,390.409,114.9,424.953,90,450v20h90v-35c0-30.375,24.624-55,55-55s55,24.625,55,55v35h90v-20   C355.1,424.953,334.436,390.409,317.848,350z\"><\/path><\/g><g><\/g><g><\/g><g><\/g><g><\/g><g><\/g><g><\/g><g><\/g><g><\/g><g><\/g><g><\/g><g><\/g><g><\/g><g><\/g><g><\/g><g><\/g><\/svg>\t\t\t\t\t\t<\/span>\n\t\t\t\t\t\t\t\t\t\t<span class=\"elementor-icon-list-text\">The brand truly embodies the quintessential French art of living. Aiming at transforming skincare rituals into a genuine ceremony and moment of absolute pleasure, EviDenS de Beaut\u00e9 focuses on French hedonism, which has been the brand\u2019s key value from the very beginning. This authentic quest for well-being is expressed through the five senses, in each of the brand's products: ultra-sensory textures, addictive fragrances and unique packaging in a luxurious emblematic \u201cIndian ink\u201d blue box. <\/span>\n\t\t\t\t\t\t\t\t\t<\/li>\n\t\t\t\t\t\t<\/ul>\n\t\t\t\t\t\t<\/div>\n\t\t\t\t<\/div>\n\t\t\t\t\t<\/div>\n\t\t<\/div>\n\t\t\t\t\t<\/div>\n\t\t<\/section>\n\t\t\t\t<section class=\"elementor-section elementor-top-section elementor-element elementor-element-4832baf9 elementor-section-stretched elementor-hidden-mobile elementor-section-boxed elementor-section-height-default elementor-section-height-default parallax_section_no qode_elementor_container_no\" data-id=\"4832baf9\" data-element_type=\"section\" data-settings=\"{&quot;stretch_section&quot;:&quot;section-stretched&quot;,&quot;background_background&quot;:&quot;slideshow&quot;,&quot;background_slideshow_gallery&quot;:[],&quot;background_slideshow_slide_duration&quot;:5000,&quot;background_slideshow_slide_transition&quot;:&quot;fade&quot;,&quot;background_slideshow_transition_duration&quot;:500}\">\n\t\t\t\t\t\t<div class=\"elementor-container elementor-column-gap-default\">\n\t\t\t\t\t<div class=\"elementor-column elementor-col-100 elementor-top-column elementor-element elementor-element-fbdc116\" data-id=\"fbdc116\" data-element_type=\"column\">\n\t\t\t<div class=\"elementor-widget-wrap elementor-element-populated\">\n\t\t\t\t\t\t<div class=\"elementor-element elementor-element-7307b810 elementor-widget elementor-widget-image\" data-id=\"7307b810\" data-element_type=\"widget\" data-widget_type=\"image.default\">\n\t\t\t\t<div class=\"elementor-widget-container\">\n\t\t\t\t\t\t\t\t\t\t\t\t\t\t\t<img decoding=\"async\" src=\"https:\/\/chateau-de-montfort.com\/wp-content\/uploads\/2021\/11\/2021.07.09-Blason-MONTFORT-CASTEL_1.png\" title=\"2021.07.09 Blason-MONTFORT CASTEL_1\" alt=\"2021.07.09 Blason-MONTFORT CASTEL_1\" loading=\"lazy\" \/>\t\t\t\t\t\t\t\t\t\t\t\t\t\t\t<\/div>\n\t\t\t\t<\/div>\n\t\t\t\t\t<\/div>\n\t\t<\/div>\n\t\t\t\t\t<\/div>\n\t\t<\/section>\n\t\t\t\t<\/div>\n\t\t","protected":false},"excerpt":{"rendered":"<p>EVIDENS DE BEAUT\u00c9 a brand nourished by a history filled location Pr\u00e9c\u00e9dent Suivant EvIDenS DE BEAUT\u00c9 &amp; tHE CH\u00c2TEAU DE MONTFORT All EviDenS de Beaut\u00e9 skincare rituals are created in the exceptional 16th century Renaissance castle. This French-Japanese luxury cosmetics brand was founded by the&#8230;<\/p>\n","protected":false},"author":1,"featured_media":0,"parent":0,"menu_order":0,"comment_status":"closed","ping_status":"closed","template":"","meta":{"inline_featured_image":false,"footnotes":""},"class_list":["post-16048","page","type-page","status-publish","hentry"],"_links":{"self":[{"href":"https:\/\/chateau-de-montfort.com\/en\/wp-json\/wp\/v2\/pages\/16048","targetHints":{"allow":["GET"]}}],"collection":[{"href":"https:\/\/chateau-de-montfort.com\/en\/wp-json\/wp\/v2\/pages"}],"about":[{"href":"https:\/\/chateau-de-montfort.com\/en\/wp-json\/wp\/v2\/types\/page"}],"author":[{"embeddable":true,"href":"https:\/\/chateau-de-montfort.com\/en\/wp-json\/wp\/v2\/users\/1"}],"replies":[{"embeddable":true,"href":"https:\/\/chateau-de-montfort.com\/en\/wp-json\/wp\/v2\/comments?post=16048"}],"version-history":[{"count":8,"href":"https:\/\/chateau-de-montfort.com\/en\/wp-json\/wp\/v2\/pages\/16048\/revisions"}],"predecessor-version":[{"id":16075,"href":"https:\/\/chateau-de-montfort.com\/en\/wp-json\/wp\/v2\/pages\/16048\/revisions\/16075"}],"wp:attachment":[{"href":"https:\/\/chateau-de-montfort.com\/en\/wp-json\/wp\/v2\/media?parent=16048"}],"curies":[{"name":"wp","href":"https:\/\/api.w.org\/{rel}","templated":true}]}}